{"id":2,"date":"2022-09-08T13:41:54","date_gmt":"2022-09-08T13:41:54","guid":{"rendered":"https:\/\/ylarimmo.com\/?page_id=2"},"modified":"2025-05-29T08:00:38","modified_gmt":"2025-05-29T08:00:38","slug":"sample-page","status":"publish","type":"page","link":"https:\/\/www.ylarimmo.com\/","title":{"rendered":"Accueil"},"content":{"rendered":"\t\t<div data-elementor-type=\"wp-page\" data-elementor-id=\"2\" class=\"elementor elementor-2\">\n\t\t\t\t\t\t<section class=\"elementor-section elementor-top-section elementor-element elementor-element-134265e elementor-section-boxed elementor-section-height-default elementor-section-height-default\" data-id=\"134265e\" data-element_type=\"section\">\n\t\t\t\t\t\t<div class=\"elementor-container elementor-column-gap-default\">\n\t\t\t\t\t<div class=\"elementor-column elementor-col-100 elementor-top-column elementor-element elementor-element-ec2fdfb\" data-id=\"ec2fdfb\" data-element_type=\"column\">\n\t\t\t<div class=\"elementor-widget-wrap elementor-element-populated\">\n\t\t\t\t\t\t<div class=\"elementor-element elementor-element-fd3fd02 elementor-widget elementor-widget-heading\" data-id=\"fd3fd02\" data-element_type=\"widget\" data-widget_type=\"heading.default\">\n\t\t\t\t<div class=\"elementor-widget-container\">\n\t\t\t\t\t<h2 class=\"elementor-heading-title elementor-size-default\">GP-IMMO Logiciel de gestion de projets immobiliers<\/h2>\t\t\t\t<\/div>\n\t\t\t\t<\/div>\n\t\t\t\t<div class=\"elementor-element elementor-element-3065ac2 elementor-widget elementor-widget-text-editor\" data-id=\"3065ac2\" data-element_type=\"widget\" data-widget_type=\"text-editor.default\">\n\t\t\t\t<div class=\"elementor-widget-container\">\n\t\t\t\t\t\t\t\t\t<p>GP-IMMO vous permet de g\u00e9rer et de suivre vos projets de promotions immobili\u00e8res sous les aspects : commercial, financier et administratif. Bien structur\u00e9, facile et intuitive dans son utilisation, GP-IMMO vous permet &#8230;<\/p>\t\t\t\t\t\t\t\t<\/div>\n\t\t\t\t<\/div>\n\t\t\t\t<div class=\"elementor-element elementor-element-c7c456e elementor-widget elementor-widget-text-editor\" data-id=\"c7c456e\" data-element_type=\"widget\" data-widget_type=\"text-editor.default\">\n\t\t\t\t<div class=\"elementor-widget-container\">\n\t\t\t\t\t\t\t\t\t<p>T\u00e9l. +213 781 370 790<\/p>\n<p>Email. contact@ylarsoft.com<\/p>\t\t\t\t\t\t\t\t<\/div>\n\t\t\t\t<\/div>\n\t\t\t\t<div class=\"elementor-element elementor-element-5c5c6b6 elementor-widget elementor-widget-image\" data-id=\"5c5c6b6\" data-element_type=\"widget\" data-widget_type=\"image.default\">\n\t\t\t\t<div class=\"elementor-widget-container\">\n\t\t\t\t\t\t\t\t\t\t\t\t\t\t\t\t<a href=\"http:\/\/www.ylarsoft.com\">\n\t\t\t\t\t\t\t<img decoding=\"async\" src=\"https:\/\/www.ylarimmo.com\/wp-content\/uploads\/elementor\/thumbs\/logo-new-400-r6ihn6o2ey0sigwuk9zj3rz3m72yqu1dw4m71e4r9e.png\" title=\"GP-IMMO Logiciel de gestion de projets immobiliers\u200b\" alt=\"GP-IMMO Logiciel de gestion commerciale de projets immobiliers\u200b\" loading=\"lazy\" \/>\t\t\t\t\t\t\t\t<\/a>\n\t\t\t\t\t\t\t\t\t\t\t\t\t\t\t<\/div>\n\t\t\t\t<\/div>\n\t\t\t\t<div class=\"elementor-element elementor-element-24359e8 elementor-widget elementor-widget-heading\" data-id=\"24359e8\" data-element_type=\"widget\" data-widget_type=\"heading.default\">\n\t\t\t\t<div class=\"elementor-widget-container\">\n\t\t\t\t\t<h3 class=\"elementor-heading-title elementor-size-default\">Site web<\/h3>\t\t\t\t<\/div>\n\t\t\t\t<\/div>\n\t\t\t\t<div class=\"elementor-element elementor-element-cc76f41 elementor-widget elementor-widget-html\" data-id=\"cc76f41\" data-element_type=\"widget\" data-widget_type=\"html.default\">\n\t\t\t\t<div class=\"elementor-widget-container\">\n\t\t\t\t\t<h4 align=center><a href=http:\/\/www.ylarsoft.com >www.ylarsoft.com<\/a><\/h4>\t\t\t\t<\/div>\n\t\t\t\t<\/div>\n\t\t\t\t\t<\/div>\n\t\t<\/div>\n\t\t\t\t\t<\/div>\n\t\t<\/section>\n\t\t\t\t<section class=\"elementor-section elementor-top-section elementor-element elementor-element-04a523f elementor-section-boxed elementor-section-height-default elementor-section-height-default\" data-id=\"04a523f\" data-element_type=\"section\">\n\t\t\t\t\t\t<div class=\"elementor-container elementor-column-gap-default\">\n\t\t\t\t\t<div class=\"elementor-column elementor-col-50 elementor-top-column elementor-element elementor-element-1102720\" data-id=\"1102720\" data-element_type=\"column\">\n\t\t\t<div class=\"elementor-widget-wrap elementor-element-populated\">\n\t\t\t\t\t\t<div class=\"elementor-element elementor-element-87c7130 elementor-widget elementor-widget-image\" data-id=\"87c7130\" data-element_type=\"widget\" data-widget_type=\"image.default\">\n\t\t\t\t<div class=\"elementor-widget-container\">\n\t\t\t\t\t\t\t\t\t\t\t\t\t\t\t<img fetchpriority=\"high\" decoding=\"async\" width=\"722\" height=\"1024\" src=\"https:\/\/www.ylarimmo.com\/wp-content\/uploads\/2025\/05\/Logiciel-de-gestion-de-projets-immobiliers-722x1024.png\" class=\"attachment-large size-large wp-image-49\" alt=\"GP-IMMO Logiciel de gestion de projets immobiliers\" srcset=\"https:\/\/www.ylarimmo.com\/wp-content\/uploads\/2025\/05\/Logiciel-de-gestion-de-projets-immobiliers-722x1024.png 722w, https:\/\/www.ylarimmo.com\/wp-content\/uploads\/2025\/05\/Logiciel-de-gestion-de-projets-immobiliers-212x300.png 212w, https:\/\/www.ylarimmo.com\/wp-content\/uploads\/2025\/05\/Logiciel-de-gestion-de-projets-immobiliers-768x1089.png 768w, https:\/\/www.ylarimmo.com\/wp-content\/uploads\/2025\/05\/Logiciel-de-gestion-de-projets-immobiliers-1083x1536.png 1083w, https:\/\/www.ylarimmo.com\/wp-content\/uploads\/2025\/05\/Logiciel-de-gestion-de-projets-immobiliers.png 1119w\" sizes=\"(max-width: 722px) 100vw, 722px\" \/>\t\t\t\t\t\t\t\t\t\t\t\t\t\t\t<\/div>\n\t\t\t\t<\/div>\n\t\t\t\t\t<\/div>\n\t\t<\/div>\n\t\t\t\t<div class=\"elementor-column elementor-col-50 elementor-top-column elementor-element elementor-element-f1706ca\" data-id=\"f1706ca\" data-element_type=\"column\">\n\t\t\t<div class=\"elementor-widget-wrap elementor-element-populated\">\n\t\t\t\t\t\t<div class=\"elementor-element elementor-element-eaba73f elementor-widget elementor-widget-video\" data-id=\"eaba73f\" data-element_type=\"widget\" data-settings=\"{&quot;youtube_url&quot;:&quot;https:\\\/\\\/www.youtube.com\\\/shorts\\\/CsLawevQG6E&quot;,&quot;video_type&quot;:&quot;youtube&quot;,&quot;controls&quot;:&quot;yes&quot;}\" data-widget_type=\"video.default\">\n\t\t\t\t<div class=\"elementor-widget-container\">\n\t\t\t\t\t\t\t<div class=\"elementor-wrapper elementor-open-inline\">\n\t\t\t<div class=\"elementor-video\"><\/div>\t\t<\/div>\n\t\t\t\t\t\t<\/div>\n\t\t\t\t<\/div>\n\t\t\t\t\t<\/div>\n\t\t<\/div>\n\t\t\t\t\t<\/div>\n\t\t<\/section>\n\t\t\t\t<\/div>\n\t\t","protected":false},"excerpt":{"rendered":"<p>GP-IMMO Logiciel de gestion de projets immobiliers GP-IMMO vous permet de g\u00e9rer et de suivre vos projets de promotions immobili\u00e8res sous les aspects : commercial, financier et administratif. Bien structur\u00e9, facile et intuitive dans son utilisation, GP-IMMO vous permet &#8230; T\u00e9l. +213 781 370 790 Email. contact@ylarsoft.com Site web www.ylarsoft.com<\/p>\n","protected":false},"author":1,"featured_media":0,"parent":0,"menu_order":0,"comment_status":"closed","ping_status":"open","template":"elementor_header_footer","meta":{"footnotes":""},"class_list":["post-2","page","type-page","status-publish","hentry"],"yoast_head":"<!-- This site is optimized with the Yoast SEO plugin v25.2 - https:\/\/yoast.com\/wordpress\/plugins\/seo\/ -->\n<title>Accueil - YLARSOFT<\/title>\n<meta name=\"robots\" content=\"index, follow, max-snippet:-1, max-image-preview:large, max-video-preview:-1\" \/>\n<link rel=\"canonical\" href=\"https:\/\/www.ylarimmo.com\/\" \/>\n<meta property=\"og:locale\" content=\"fr_FR\" \/>\n<meta property=\"og:type\" content=\"article\" \/>\n<meta property=\"og:title\" content=\"Accueil - YLARSOFT\" \/>\n<meta property=\"og:description\" content=\"GP-IMMO Logiciel de gestion de projets immobiliers GP-IMMO vous permet de g\u00e9rer et de suivre vos projets de promotions immobili\u00e8res sous les aspects : commercial, financier et administratif. Bien structur\u00e9, facile et intuitive dans son utilisation, GP-IMMO vous permet &#8230; T\u00e9l. +213 781 370 790 Email. contact@ylarsoft.com Site web www.ylarsoft.com\" \/>\n<meta property=\"og:url\" content=\"https:\/\/www.ylarimmo.com\/\" \/>\n<meta property=\"og:site_name\" content=\"YLARSOFT\" \/>\n<meta property=\"article:modified_time\" content=\"2025-05-29T08:00:38+00:00\" \/>\n<meta property=\"og:image\" content=\"https:\/\/www.ylarimmo.com\/wp-content\/uploads\/elementor\/thumbs\/logo-new-400-r6ihn6o2ey0sigwuk9zj3rz3m72yqu1dw4m71e4r9o.png\" \/>\n<meta name=\"twitter:card\" content=\"summary_large_image\" \/>\n<meta name=\"twitter:label1\" content=\"Dur\u00e9e de lecture estim\u00e9e\" \/>\n\t<meta name=\"twitter:data1\" content=\"1 minute\" \/>\n<script type=\"application\/ld+json\" class=\"yoast-schema-graph\">{\"@context\":\"https:\/\/schema.org\",\"@graph\":[{\"@type\":\"WebPage\",\"@id\":\"https:\/\/www.ylarimmo.com\/\",\"url\":\"https:\/\/www.ylarimmo.com\/\",\"name\":\"Accueil - YLARSOFT\",\"isPartOf\":{\"@id\":\"https:\/\/www.ylarimmo.com\/#website\"},\"primaryImageOfPage\":{\"@id\":\"https:\/\/www.ylarimmo.com\/#primaryimage\"},\"image\":{\"@id\":\"https:\/\/www.ylarimmo.com\/#primaryimage\"},\"thumbnailUrl\":\"https:\/\/www.ylarimmo.com\/wp-content\/uploads\/elementor\/thumbs\/logo-new-400-r6ihn6o2ey0sigwuk9zj3rz3m72yqu1dw4m71e4r9o.png\",\"datePublished\":\"2022-09-08T13:41:54+00:00\",\"dateModified\":\"2025-05-29T08:00:38+00:00\",\"breadcrumb\":{\"@id\":\"https:\/\/www.ylarimmo.com\/#breadcrumb\"},\"inLanguage\":\"fr-FR\",\"potentialAction\":[{\"@type\":\"ReadAction\",\"target\":[\"https:\/\/www.ylarimmo.com\/\"]}]},{\"@type\":\"ImageObject\",\"inLanguage\":\"fr-FR\",\"@id\":\"https:\/\/www.ylarimmo.com\/#primaryimage\",\"url\":\"https:\/\/www.ylarimmo.com\/wp-content\/uploads\/elementor\/thumbs\/logo-new-400-r6ihn6o2ey0sigwuk9zj3rz3m72yqu1dw4m71e4r9o.png\",\"contentUrl\":\"https:\/\/www.ylarimmo.com\/wp-content\/uploads\/elementor\/thumbs\/logo-new-400-r6ihn6o2ey0sigwuk9zj3rz3m72yqu1dw4m71e4r9o.png\"},{\"@type\":\"BreadcrumbList\",\"@id\":\"https:\/\/www.ylarimmo.com\/#breadcrumb\",\"itemListElement\":[{\"@type\":\"ListItem\",\"position\":1,\"name\":\"Accueil\",\"item\":\"https:\/\/www.ylarimmo.com\/\"},{\"@type\":\"ListItem\",\"position\":2,\"name\":\"Accueil\"}]},{\"@type\":\"WebSite\",\"@id\":\"https:\/\/www.ylarimmo.com\/#website\",\"url\":\"https:\/\/www.ylarimmo.com\/\",\"name\":\"YLARSOFT\",\"description\":\"GP-IMMO Logiciel de gestion de projets immobiliers\",\"potentialAction\":[{\"@type\":\"SearchAction\",\"target\":{\"@type\":\"EntryPoint\",\"urlTemplate\":\"https:\/\/www.ylarimmo.com\/?s={search_term_string}\"},\"query-input\":{\"@type\":\"PropertyValueSpecification\",\"valueRequired\":true,\"valueName\":\"search_term_string\"}}],\"inLanguage\":\"fr-FR\"}]}<\/script>\n<!-- \/ Yoast SEO plugin. -->","yoast_head_json":{"title":"Accueil - YLARSOFT","robots":{"index":"index","follow":"follow","max-snippet":"max-snippet:-1","max-image-preview":"max-image-preview:large","max-video-preview":"max-video-preview:-1"},"canonical":"https:\/\/www.ylarimmo.com\/","og_locale":"fr_FR","og_type":"article","og_title":"Accueil - YLARSOFT","og_description":"GP-IMMO Logiciel de gestion de projets immobiliers GP-IMMO vous permet de g\u00e9rer et de suivre vos projets de promotions immobili\u00e8res sous les aspects : commercial, financier et administratif. Bien structur\u00e9, facile et intuitive dans son utilisation, GP-IMMO vous permet &#8230; T\u00e9l. +213 781 370 790 Email. contact@ylarsoft.com Site web www.ylarsoft.com","og_url":"https:\/\/www.ylarimmo.com\/","og_site_name":"YLARSOFT","article_modified_time":"2025-05-29T08:00:38+00:00","og_image":[{"url":"https:\/\/www.ylarimmo.com\/wp-content\/uploads\/elementor\/thumbs\/logo-new-400-r6ihn6o2ey0sigwuk9zj3rz3m72yqu1dw4m71e4r9o.png","type":"","width":"","height":""}],"twitter_card":"summary_large_image","twitter_misc":{"Dur\u00e9e de lecture estim\u00e9e":"1 minute"},"schema":{"@context":"https:\/\/schema.org","@graph":[{"@type":"WebPage","@id":"https:\/\/www.ylarimmo.com\/","url":"https:\/\/www.ylarimmo.com\/","name":"Accueil - YLARSOFT","isPartOf":{"@id":"https:\/\/www.ylarimmo.com\/#website"},"primaryImageOfPage":{"@id":"https:\/\/www.ylarimmo.com\/#primaryimage"},"image":{"@id":"https:\/\/www.ylarimmo.com\/#primaryimage"},"thumbnailUrl":"https:\/\/www.ylarimmo.com\/wp-content\/uploads\/elementor\/thumbs\/logo-new-400-r6ihn6o2ey0sigwuk9zj3rz3m72yqu1dw4m71e4r9o.png","datePublished":"2022-09-08T13:41:54+00:00","dateModified":"2025-05-29T08:00:38+00:00","breadcrumb":{"@id":"https:\/\/www.ylarimmo.com\/#breadcrumb"},"inLanguage":"fr-FR","potentialAction":[{"@type":"ReadAction","target":["https:\/\/www.ylarimmo.com\/"]}]},{"@type":"ImageObject","inLanguage":"fr-FR","@id":"https:\/\/www.ylarimmo.com\/#primaryimage","url":"https:\/\/www.ylarimmo.com\/wp-content\/uploads\/elementor\/thumbs\/logo-new-400-r6ihn6o2ey0sigwuk9zj3rz3m72yqu1dw4m71e4r9o.png","contentUrl":"https:\/\/www.ylarimmo.com\/wp-content\/uploads\/elementor\/thumbs\/logo-new-400-r6ihn6o2ey0sigwuk9zj3rz3m72yqu1dw4m71e4r9o.png"},{"@type":"BreadcrumbList","@id":"https:\/\/www.ylarimmo.com\/#breadcrumb","itemListElement":[{"@type":"ListItem","position":1,"name":"Accueil","item":"https:\/\/www.ylarimmo.com\/"},{"@type":"ListItem","position":2,"name":"Accueil"}]},{"@type":"WebSite","@id":"https:\/\/www.ylarimmo.com\/#website","url":"https:\/\/www.ylarimmo.com\/","name":"YLARSOFT","description":"GP-IMMO Logiciel de gestion de projets immobiliers","potentialAction":[{"@type":"SearchAction","target":{"@type":"EntryPoint","urlTemplate":"https:\/\/www.ylarimmo.com\/?s={search_term_string}"},"query-input":{"@type":"PropertyValueSpecification","valueRequired":true,"valueName":"search_term_string"}}],"inLanguage":"fr-FR"}]}},"_links":{"self":[{"href":"https:\/\/www.ylarimmo.com\/index.php\/wp-json\/wp\/v2\/pages\/2","targetHints":{"allow":["GET"]}}],"collection":[{"href":"https:\/\/www.ylarimmo.com\/index.php\/wp-json\/wp\/v2\/pages"}],"about":[{"href":"https:\/\/www.ylarimmo.com\/index.php\/wp-json\/wp\/v2\/types\/page"}],"author":[{"embeddable":true,"href":"https:\/\/www.ylarimmo.com\/index.php\/wp-json\/wp\/v2\/users\/1"}],"replies":[{"embeddable":true,"href":"https:\/\/www.ylarimmo.com\/index.php\/wp-json\/wp\/v2\/comments?post=2"}],"version-history":[{"count":41,"href":"https:\/\/www.ylarimmo.com\/index.php\/wp-json\/wp\/v2\/pages\/2\/revisions"}],"predecessor-version":[{"id":61,"href":"https:\/\/www.ylarimmo.com\/index.php\/wp-json\/wp\/v2\/pages\/2\/revisions\/61"}],"wp:attachment":[{"href":"https:\/\/www.ylarimmo.com\/index.php\/wp-json\/wp\/v2\/media?parent=2"}],"curies":[{"name":"wp","href":"https:\/\/api.w.org\/{rel}","templated":true}]}}